{"id":10415,"date":"2023-10-17T13:41:58","date_gmt":"2023-10-17T11:41:58","guid":{"rendered":"https:\/\/dpsradzymin.pl\/?page_id=10415"},"modified":"2023-10-17T14:06:11","modified_gmt":"2023-10-17T12:06:11","slug":"fundusze-srodkow-europejskich","status":"publish","type":"page","link":"https:\/\/dpsradzymin.pl\/index.php\/fundusze-srodkow-europejskich\/","title":{"rendered":"Fundusze \u015arodk\u00f3w Europejskich"},"content":{"rendered":"<div data-colibri-id=\"10415-c1\" class=\"style-1070 style-local-10415-c1 position-relative\">\n  <!---->\n  <div data-colibri-component=\"section\" data-colibri-id=\"10415-c40\" id=\"content-3\" class=\"h-section h-section-global-spacing d-flex align-items-lg-center align-items-md-center align-items-center style-1109 style-local-10415-c40 position-relative\">\n    <!---->\n    <!---->\n    <div class=\"h-section-grid-container h-section-boxed-container\">\n      <div data-colibri-id=\"10415-c44\" class=\"h-row-container gutters-row-lg-2 gutters-row-md-2 gutters-row-2 gutters-row-v-lg-2 gutters-row-v-md-2 gutters-row-v-2 style-1113 style-local-10415-c44 position-relative\">\n        <!---->\n        <div class=\"h-row justify-content-lg-center justify-content-md-center justify-content-center align-items-lg-stretch align-items-md-stretch align-items-stretch gutters-col-lg-2 gutters-col-md-2 gutters-col-2 gutters-col-v-lg-2 gutters-col-v-md-2 gutters-col-v-2\">\n          <!---->\n          <div class=\"h-column h-column-container d-flex h-col-lg-auto h-col-md-auto h-col-auto style-1114-outer style-local-10415-c45-outer\">\n            <div data-colibri-id=\"10415-c45\" class=\"d-flex h-flex-basis h-column__inner h-px-lg-2 h-px-md-2 h-px-0 v-inner-lg-2 v-inner-md-2 v-inner-0 style-1114 style-local-10415-c45 position-relative\">\n              <!---->\n              <!---->\n              <div class=\"w-100 h-y-container h-column__content h-column__v-align flex-basis-100 align-self-lg-start align-self-md-start align-self-start\">\n                <!---->\n                <div data-colibri-id=\"10415-c48\" class=\"h-global-transition-all h-heading style-1117 style-local-10415-c48 position-relative h-element\">\n                  <!---->\n                  <div class=\"h-heading__outer style-1117 style-local-10415-c48\">\n                    <!---->\n                    <!---->\n                    <h4 class=\"\">Grant nr COVID.19.07.35 dla Powiatu Wo\u0142omi\u0144skiego\n                      <br>prowadz\u0105cego Dom Pomocy Spo\u0142ecznej w Radzyminie<\/h4>\n                  <\/div>\n                <\/div>\n                <div data-colibri-id=\"10415-c47\" class=\"h-lead h-text h-text-component style-1116 style-local-10415-c47 position-relative h-element\">\n                  <!---->\n                  <!---->\n                  <div class=\"\">\n                    <p><span style=\"font-weight: 400; font-size: 16px; font-family: &quot;Open Sans&quot;; color: rgb(70, 112, 127);\">w ramach Programu Operacyjnego Wiedza Edukacja Rozw\u00f3j 2014-2020 wsp\u00f3\u0142finansowanego ze \u015brodk\u00f3w Europejskiego Funduszu Spo\u0142ecznego na realizacj\u0119 zada\u0144 polegaj\u0105cych na wyp\u0142ac\u0119 dodatk\u00f3w do wynagrodze\u0144 pracownik\u00f3w oraz zakupu \u015brodk\u00f3w ochrony osobistej i \u015brodk\u00f3w do dezynfekcji dla personelu<\/span>\n                      <br><span style=\"font-weight: 400; font-size: 16px; font-family: &quot;Open Sans&quot;; color: rgb(70, 112, 127);\">Termin realizacji 01.05.2020 r. \u2013 31.12.2021 r. w wysoko\u015bci&nbsp;<\/span><strong style=\"font-weight: 700; font-size: 14.592px; font-family: &quot;Open Sans&quot;; color: rgb(70, 112, 127);\">91 955,08 z\u0142<\/strong><\/p>\n                  <\/div>\n                <\/div>\n                <div data-colibri-id=\"10415-c49\" class=\"h-global-transition-all h-heading style-1118 style-local-10415-c49 position-relative h-element\">\n                  <!---->\n                  <div class=\"h-heading__outer style-1118 style-local-10415-c49\">\n                    <!---->\n                    <!---->\n                    <h4 class=\"\">Grant nr U.POWR.2.8-095\/20 dla Powiatu Wo\u0142omi\u0144skiego\n                      <br> realizator Dom Pomocy Spo\u0142ecznej w Radzyminie<\/h4>\n                  <\/div>\n                <\/div>\n                <div data-colibri-id=\"10415-c50\" class=\"h-text h-text-component style-1119 style-local-10415-c50 position-relative h-element\">\n                  <!---->\n                  <!---->\n                  <div class=\"\">\n                    <p><span style=\"font-weight: 400; font-size: 16px; font-family: &quot;Open Sans&quot;; color: rgb(70, 112, 127);\">na realizacj\u0119 wsparcia dla Dom\u00f3w Pomocy Spo\u0142ecznej w walce z epidemi\u0105 COVID-19 w ramach projektu pn. \u201eWsparcie dla Mazowsza\u201d nr: POWR.02.08.00-00-0100\/20 finansowanego ze \u015brodk\u00f3w Programu Operacyjnego Wiedza Edukacja Rozw\u00f3j, w ramach II Osi priorytetowej: Efektywne polityki publiczne dla rynku pracy, gospodarki i edukacji PO WER, Dzia\u0142anie 2.8 Rozw\u00f3j us\u0142ug spo\u0142ecznych \u015bwiadczonych w \u015brodowisku lokalnym<\/span>\n                      <br><span style=\"font-weight: 400; font-size: 16px; font-family: &quot;Open Sans&quot;; color: rgb(70, 112, 127);\">Termin realizacji 01.09.2020 r. \u2013 30.11.2020 r. w wysoko\u015bci&nbsp;<\/span><strong style=\"font-weight: 700; font-size: 14.592px; font-family: &quot;Open Sans&quot;; color: rgb(70, 112, 127);\">245 576,39 z\u0142<\/strong>\n                      <br><span style=\"font-weight: 400; font-size: 16px; font-family: &quot;Open Sans&quot;; color: rgb(70, 112, 127);\">Przeznaczenie grantu: wyp\u0142ata dodatk\u00f3w do wynagrodze\u0144 dla pracownik\u00f3w Domu Pomocy Spo\u0142ecznej i zakupy rzeczowe.<\/span><\/p>\n                  <\/div>\n                <\/div>\n              <\/div>\n            <\/div>\n          <\/div>\n        <\/div>\n      <\/div>\n      <div data-colibri-id=\"10415-c41\" class=\"h-row-container gutters-row-lg-2 gutters-row-md-2 gutters-row-2 gutters-row-v-lg-2 gutters-row-v-md-2 gutters-row-v-2 style-1110 style-local-10415-c41 position-relative\">\n        <!---->\n        <div class=\"h-row justify-content-lg-center justify-content-md-center justify-content-center align-items-lg-stretch align-items-md-stretch align-items-stretch gutters-col-lg-2 gutters-col-md-2 gutters-col-2 gutters-col-v-lg-2 gutters-col-v-md-2 gutters-col-v-2\">\n          <!---->\n          <div class=\"h-column h-column-container d-flex h-col-lg-auto h-col-md-auto h-col-auto style-1111-outer style-local-10415-c42-outer\">\n            <div data-colibri-id=\"10415-c42\" class=\"d-flex h-flex-basis h-column__inner h-px-lg-0 h-px-md-0 h-px-0 v-inner-lg-0 v-inner-md-0 v-inner-0 style-1111 style-local-10415-c42 position-relative\">\n              <!---->\n              <!---->\n              <div class=\"w-100 h-y-container h-column__content h-column__v-align flex-basis-100 align-self-lg-start align-self-md-start align-self-start\">\n                <!---->\n                <div data-colibri-id=\"10415-c43\" class=\"d-block style-1112 style-local-10415-c43 position-relative h-element\">\n                  <!---->\n                  <div class=\"h-image__frame-container-outer\">\n                    <div class=\"h-image__frame-container\">\n                      <!---->\n                      <!---->\n                      <img loading=\"lazy\" decoding=\"async\" width=\"1024\" height=\"512\" src=\"https:\/\/dpsradzymin.pl\/wp-content\/uploads\/2023\/10\/Fundusze-Srodkow-Europejskich.png\" class=\"wp-image-10443 style-1112-image style-local-10415-c43-image\" alt=\"\" srcset=\"https:\/\/dpsradzymin.pl\/wp-content\/uploads\/2023\/10\/Fundusze-Srodkow-Europejskich.png 1024w, https:\/\/dpsradzymin.pl\/wp-content\/uploads\/2023\/10\/Fundusze-Srodkow-Europejskich-300x150.png 300w, https:\/\/dpsradzymin.pl\/wp-content\/uploads\/2023\/10\/Fundusze-Srodkow-Europejskich-768x384.png 768w\" sizes=\"auto, (max-width: 1024px) 100vw, 1024px\" \/>\n                      <div class=\"h-image__frame style-1112-frameImage style-local-10415-c43-frameImage\"><\/div>\n                    <\/div>\n                  <\/div>\n                <\/div>\n              <\/div>\n            <\/div>\n          <\/div>\n        <\/div>\n      <\/div>\n    <\/div>\n  <\/div>\n<\/div>","protected":false},"excerpt":{"rendered":"<p>Grant nr COVID.19.07.35 dla Powiatu Wo\u0142omi\u0144skiego prowadz\u0105cego Dom Pomocy Spo\u0142ecznej w Radzyminie w ramach Programu Operacyjnego Wiedza Edukacja Rozw\u00f3j 2014-2020 wsp\u00f3\u0142finansowanego ze \u015brodk\u00f3w Europejskiego Funduszu Spo\u0142ecznego na realizacj\u0119 zada\u0144 polegaj\u0105cych na wyp\u0142ac\u0119 dodatk\u00f3w do wynagrodze\u0144 pracownik\u00f3w oraz zakupu \u015brodk\u00f3w ochrony osobistej i \u015brodk\u00f3w do dezynfekcji dla personelu Termin realizacji 01.05.2020 r. \u2013 31.12.2021 r. w [&hellip;]<\/p>\n","protected":false},"author":1,"featured_media":0,"parent":0,"menu_order":0,"comment_status":"closed","ping_status":"closed","template":"page-templates\/full-width-page.php","meta":{"footnotes":""},"class_list":["post-10415","page","type-page","status-publish","hentry"],"_links":{"self":[{"href":"https:\/\/dpsradzymin.pl\/index.php\/wp-json\/wp\/v2\/pages\/10415","targetHints":{"allow":["GET"]}}],"collection":[{"href":"https:\/\/dpsradzymin.pl\/index.php\/wp-json\/wp\/v2\/pages"}],"about":[{"href":"https:\/\/dpsradzymin.pl\/index.php\/wp-json\/wp\/v2\/types\/page"}],"author":[{"embeddable":true,"href":"https:\/\/dpsradzymin.pl\/index.php\/wp-json\/wp\/v2\/users\/1"}],"replies":[{"embeddable":true,"href":"https:\/\/dpsradzymin.pl\/index.php\/wp-json\/wp\/v2\/comments?post=10415"}],"version-history":[{"count":4,"href":"https:\/\/dpsradzymin.pl\/index.php\/wp-json\/wp\/v2\/pages\/10415\/revisions"}],"predecessor-version":[{"id":10445,"href":"https:\/\/dpsradzymin.pl\/index.php\/wp-json\/wp\/v2\/pages\/10415\/revisions\/10445"}],"wp:attachment":[{"href":"https:\/\/dpsradzymin.pl\/index.php\/wp-json\/wp\/v2\/media?parent=10415"}],"curies":[{"name":"wp","href":"https:\/\/api.w.org\/{rel}","templated":true}]}}